{"id":208,"date":"2023-08-16T08:47:13","date_gmt":"2023-08-16T08:47:13","guid":{"rendered":"https:\/\/alnafaagroup.com\/?post_type=product&#038;p=208"},"modified":"2023-08-19T11:14:59","modified_gmt":"2023-08-19T11:14:59","slug":"square-shape-guardrail-post","status":"publish","type":"product","link":"https:\/\/alnafaagroup.com\/?product=square-shape-guardrail-post","title":{"rendered":"SQUARE SHAPE GUARDRAIL POST"},"content":{"rendered":"<p>Guardrail post,\u00a0as a holder of highway guardrails, generally determines the barrier\u2019s performance during collisions. The guardrail posts we supply are well designed and made of high quality steel, such as Q235, Q345 and Q255 or depend on your needs. Additionally, it features a long service life due to its anti-rust and corrosion resistant characters, which proceed from its superior zinc coating or PVC coating<\/p>\n<p>According to the place of your intended application, we provide guardrail posts with or without flange plates. Generally, the post without flange plate is mostly fixed to soft soil by post anchors. But if you want to fix it on the concrete road, the post with plate is your best choice for easy installation: Just fasten the post to your desired place with bolts.<\/p>\n<p><strong><b>Different shapes of guardrail posts we can supply:<\/b><\/strong><\/p>\n<p><img loading=\"lazy\" decoding=\"async\" class=\"alignnone size-full wp-image-481\" src=\"https:\/\/www.jiantraffic.com\/wp-content\/uploads\/FG5.jpg\" alt=\"\" width=\"700\" height=\"700\" \/><\/p>\n<p>Galvanized guardrail post<\/p>\n<p><img loading=\"lazy\" decoding=\"async\" class=\"alignnone size-full wp-image-480\" src=\"https:\/\/www.jiantraffic.com\/wp-content\/uploads\/FG4.jpg\" alt=\"\" width=\"700\" height=\"700\" \/><\/p>\n<p>PVC coated guardrail post.<\/p>\n<p><strong>Guardrail Galvanized Post Detailed Specification<\/strong><\/p>\n<table>\n<tbody>\n<tr>\n<td width=\"201\"><strong><b>Specification<\/b><\/strong><\/td>\n<td width=\"415\"><strong><b>Detailed introduction<\/b><\/strong><\/td>\n<\/tr>\n<tr>\n<td width=\"201\">Profile<\/td>\n<td width=\"415\">C, U, Sigma, H, Flange, Square Tube, RoundPost<\/td>\n<\/tr>\n<tr>\n<td width=\"201\">Materials<\/td>\n<td width=\"415\">Steel\u00a0Grade\u00a0Q235\u00a0(\u00a0S235JR\/ASTM\u00a0A283M),Steel Grade Q345 (S355JR\/ ASTM A529M)<\/td>\n<\/tr>\n<tr>\n<td width=\"201\">The\u00a0thickness\u00a0ofthe\u00a0steel<\/td>\n<td width=\"415\">3\/4\/4.5\/5\/6,according\u00a0to\u00a0consumers\u2019request<\/td>\n<\/tr>\n<tr>\n<td rowspan=\"8\" width=\"201\">Normal\u00a0Size<\/td>\n<td width=\"415\"><strong><b>C:<\/b><\/strong>1800*150*75*25, 1500*100*50*25,<\/p>\n<p>1500*120*55*16, 1700*150*110*18,<\/p>\n<p>1750*120*55*16, 1900*100*55*25<\/td>\n<\/tr>\n<tr>\n<td width=\"415\"><strong><b>U:<\/b><\/strong>1400\/1750\/1820*150*75,<\/p>\n<p>1800\/1830*176\/178*76,<\/p>\n<p>1830*140*75, 1680\/2200*120*80,<\/p>\n<p>2000\/1820*150*100<\/td>\n<\/tr>\n<tr>\n<td width=\"415\"><strong><b>Sigma:<\/b><\/strong>1500\/1900\/1950\/2300\/2500*100*55<\/td>\n<\/tr>\n<tr>\n<td width=\"415\"><strong><b>H:<\/b><\/strong>1830*157*82, 1830*157*82,<\/p>\n<p>1800*150*100<\/td>\n<\/tr>\n<tr>\n<td width=\"415\"><strong><b>I\uff1a<\/b><\/strong>100*55*4.1*5.7,120*64*4.4*6.3,<\/p>\n<p>100*68*4.5*7.6<\/td>\n<\/tr>\n<tr>\n<td width=\"415\"><strong><b>Flange Post:<\/b><\/strong><strong><b>3<\/b><\/strong>00*300*10 \u00a0Diameter:114\/140<\/td>\n<\/tr>\n<tr>\n<td width=\"415\"><strong><b>Square Tube:<\/b><\/strong>\u00a0130*1750\/1850\/2250<\/td>\n<\/tr>\n<tr>\n<td width=\"415\"><strong><b>Round Post:<\/b><\/strong>\u03a6114*1750, \u03a6140*1850,\u03a6140*2250<\/td>\n<\/tr>\n<tr>\n<td width=\"201\">Surface\u00a0treatment<\/td>\n<td width=\"415\">Hot\u00a0Dipped\u00a0Galvanized\u00a0or\u00a0Powder\u00a0Coated.<\/td>\n<\/tr>\n<tr>\n<td width=\"201\">The\u00a0thickness\u00a0ofgalvanized<\/td>\n<td width=\"415\">550g\/m2\u00a0(80\u00b5),610g\/m2\u00a0(85\u00b5),1100\u00a0g\/m2(160\u00b5),\u00a01200\u00a0g\/m2\u00a0(170\u00b5),<\/p>\n<p>according\u00a0to\u00a0consumers\u2019\u00a0request<\/td>\n<\/tr>\n<tr>\n<td width=\"201\">Technique<\/td>\n<td width=\"415\">Cold\u00a0Rolled<\/td>\n<\/tr>\n<tr>\n<td width=\"201\">Features<\/td>\n<td width=\"415\">\u00a0High\u00a0intensity,Great\u00a0corrosion\u00a0resistant,Strong plasticity,Oxidation resistance,Good\u00a0impact\u00a0resistance,<\/p>\n<p>Low\u00a0cost,Long\u00a0lifehigher\u00a0security,<\/p>\n<p>Environmental\u00a0protection, etc.<\/td>\n<\/tr>\n<tr>\n<td width=\"201\">Certification<\/td>\n<td width=\"415\">ISO9001:2000,\u00a0ISO14000,\u00a0SGS,\u00a0CE<\/td>\n<\/tr>\n<tr>\n<td width=\"201\">Standards<\/td>\n<td width=\"415\">\u00a0JT\/T281-2007,AASHTO M180,EU,USA,AS\/NZS,etc.<\/td>\n<\/tr>\n<tr>\n<td width=\"201\">Orderingrequirements<\/td>\n<td width=\"415\">Other special specification as per client\u2019srequirement or drawings<\/td>\n<\/tr>\n<\/tbody>\n<\/table>\n<p><strong><b>\u00a0<\/b><\/strong><strong><b>Can be applied in the following situtaions:<\/b><\/strong><\/p>\n<ol>\n<li>Road\/Expressway\/Highway Guardrails.<\/li>\n<li>Roadway guard rails crash barriers;<\/li>\n<li>Roadway crash barriers;<\/li>\n<li>Service roads;Car parking lot guardrails;<\/li>\n<li>Car parking guardrails;<\/li>\n<li>Warehouses;<\/li>\n<li>Distribution depots;<\/li>\n<li>Industrial barriers;<\/li>\n<li>Pedestrian areas;<\/li>\n<li>Bridge guardrail.<\/li>\n<\/ol>\n<p><strong><b>Available with many various popular Standards:<\/b><\/strong><\/p>\n<ol>\n<li>AASHTO-M180 (Corrugated Sheet Steel Beams For Highway Guardrail \u2013 USA)<\/li>\n<li>AS\/NZS 3845:1999(Road Safety Barrier Systems \u2013 Australia\/New Zealand)<\/li>\n<li>BS EN-1317(Road Restraint Systems \u2013 Europe)<\/li>\n<li>JT\/T 281-1995(Corrugated Sheet Steel Beams For Expressway Guardrail \u2013 China)<\/li>\n<li>Or tailor-make according to client\u2019s requirements<\/li>\n<\/ol>\n","protected":false},"excerpt":{"rendered":"<table>\n<tbody>\n<tr>\n<td width=\"150\">Material<\/td>\n<td width=\"317\">Q235, Q345 steel and stainless steel<\/td>\n<\/tr>\n<tr>\n<td>Surface Treatment<\/td>\n<td>Hot Galvanized\u00a0or Powder\u00a0Coated.<\/td>\n<\/tr>\n<tr>\n<td rowspan=\"4\" width=\"150\">Size Available<\/td>\n<td width=\"317\">130*1750<\/td>\n<\/tr>\n<tr>\n<td width=\"317\">130*1850<\/td>\n<\/tr>\n<tr>\n<td width=\"317\">130*2250<\/td>\n<\/tr>\n<tr>\n<td>4&#8217;\u00d74&#8242;, 5&#8217;\u00d75&#8242;, 6&#8217;\u00d76&#8242;<\/td>\n<\/tr>\n<tr>\n<td>The\u00a0thickness<\/p>\n<p>of\u00a0the\u00a0steel<\/td>\n<td>3mm\/4mm\/4.5mm\/5mm\/6mm\/<\/p>\n<p>according\u00a0to\u00a0consumers\u2019\u00a0request<\/td>\n<\/tr>\n<tr>\n<td>Certification<\/td>\n<td>ISO9001:2000,\u00a0ISO14000,\u00a0SGS,\u00a0CE<\/td>\n<\/tr>\n<\/tbody>\n<\/table>\n","protected":false},"featured_media":371,"comment_status":"open","ping_status":"closed","template":"","meta":[],"product_cat":[29],"product_tag":[],"class_list":{"0":"post-208","1":"product","2":"type-product","3":"status-publish","4":"has-post-thumbnail","6":"product_cat-guardrail-post","8":"first","9":"instock","10":"shipping-taxable","11":"product-type-simple"},"_links":{"self":[{"href":"https:\/\/alnafaagroup.com\/index.php?rest_route=\/wp\/v2\/product\/208","targetHints":{"allow":["GET"]}}],"collection":[{"href":"https:\/\/alnafaagroup.com\/index.php?rest_route=\/wp\/v2\/product"}],"about":[{"href":"https:\/\/alnafaagroup.com\/index.php?rest_route=\/wp\/v2\/types\/product"}],"replies":[{"embeddable":true,"href":"https:\/\/alnafaagroup.com\/index.php?rest_route=%2Fwp%2Fv2%2Fcomments&post=208"}],"wp:featuredmedia":[{"embeddable":true,"href":"https:\/\/alnafaagroup.com\/index.php?rest_route=\/wp\/v2\/media\/371"}],"wp:attachment":[{"href":"https:\/\/alnafaagroup.com\/index.php?rest_route=%2Fwp%2Fv2%2Fmedia&parent=208"}],"wp:term":[{"taxonomy":"product_cat","embeddable":true,"href":"https:\/\/alnafaagroup.com\/index.php?rest_route=%2Fwp%2Fv2%2Fproduct_cat&post=208"},{"taxonomy":"product_tag","embeddable":true,"href":"https:\/\/alnafaagroup.com\/index.php?rest_route=%2Fwp%2Fv2%2Fproduct_tag&post=208"}],"curies":[{"name":"wp","href":"https:\/\/api.w.org\/{rel}","templated":true}]}}